{"id":6,"date":"2018-04-27T17:48:09","date_gmt":"2018-04-27T15:48:09","guid":{"rendered":"https:\/\/upperimmo.com\/?page_id=6"},"modified":"2020-11-30T15:57:29","modified_gmt":"2020-11-30T14:57:29","slug":"upperimmo-home","status":"publish","type":"page","link":"https:\/\/upperimmo.com\/","title":{"rendered":"UPPERIMMO &#8211; Home"},"content":{"rendered":"<p>[vc_row bg_image=\u00a0\u00bb10&Prime; bg_color=\u00a0\u00bb#1c1e2d\u00a0\u00bb text_align=\u00a0\u00bbcenter\u00a0\u00bb top_padding=\u00a0\u00bb120&Prime; bottom_padding=\u00a0\u00bb75&Prime;][vc_column column_center=\u00a0\u00bbtrue\u00a0\u00bb width=\u00a0\u00bb1\/1&Prime;]<div class=\"single_image wpb_content_element align-center  animate   \" data-animation=\"fade-in-from-top\" data-delay=\"0\"><img class=\"\" src=\"https:\/\/upperimmo.com\/wp-content\/uploads\/2019\/02\/upperimmo-logo2-1-240x276.png\" width=\"240\" height=\"276\" alt=\"upperimmo-logo2\" title=\"upperimmo-logo2\" \/><\/div><div class=\"newdivider align-center\" style=\"border-bottom-style: solid; border-color: rgba(94,100,136,0.46); border-bottom-width: 2px; margin-top: 60px; margin-bottom: 30px; width: 75px; \"><\/div><div class=\"clear\"><\/div>[vc_column_text el_class=\u00a0\u00bbcont\u00a0\u00bb][\/vc_column_text][\/vc_column][\/vc_row][vc_row bg_color=\u00a0\u00bb#171628&Prime; top_padding=\u00a0\u00bb40&Prime;][vc_column width=\u00a0\u00bb1\/4&Prime;]<h1 class=\"headline font-inherit fontsize-l fontweight-inherit lh-inherit align-left transform-inherit \" style=\"margin: 0 0 20px 0;\">Contactez-nous<\/h1>[vc_column_text]Pour nous contacter n&rsquo;h\u00e9sitez pas \u00e0 nous adresser votre message via le formulaire de contact. Vous pouvez \u00e9galement nous joindre directement par t\u00e9l\u00e9phone au<\/p>\n<p style=\"font-weight: bold; font-size: 16px;\"><span style=\"color: #5e6488;\">06 02 66 99 40<\/span><\/p>\n<p>N&rsquo;h\u00e9sitez pas \u00e0 nous suivre \u00e9galement sur les r\u00e9seaux :<\/p>\n<p><a href=\"https:\/\/www.instagram.com\/upper_immo\/\" target=\"_blank\" rel=\"noopener noreferrer\" data-wp-editing=\"1\"><img decoding=\"async\" loading=\"lazy\" class=\"alignnone wp-image-28 size-full\" src=\"https:\/\/upperimmo.com\/wp-content\/uploads\/2019\/02\/instagram.png\" alt=\"Instagram\" width=\"30\" height=\"30\" \/><\/a>[\/vc_column_text][\/vc_column][vc_column width=\u00a0\u00bb3\/4&Prime;]\n<div class=\"wpcf7 no-js\" id=\"wpcf7-f8-o1\" lang=\"fr-FR\" dir=\"ltr\">\n<div class=\"screen-reader-response\"><p role=\"status\" aria-live=\"polite\" aria-atomic=\"true\"><\/p> <ul><\/ul><\/div>\n<form action=\"\/index.php\/wp-json\/wp\/v2\/pages\/6#wpcf7-f8-o1\" method=\"post\" class=\"wpcf7-form init\" aria-label=\"Formulaire de contact\" novalidate=\"novalidate\" data-status=\"init\">\n<div style=\"display: none;\">\n<input type=\"hidden\" name=\"_wpcf7\" value=\"8\" \/>\n<input type=\"hidden\" name=\"_wpcf7_version\" value=\"5.7.7\" \/>\n<input type=\"hidden\" name=\"_wpcf7_locale\" value=\"fr_FR\" \/>\n<input type=\"hidden\" name=\"_wpcf7_unit_tag\" value=\"wpcf7-f8-o1\" \/>\n<input type=\"hidden\" name=\"_wpcf7_container_post\" value=\"0\" \/>\n<input type=\"hidden\" name=\"_wpcf7_posted_data_hash\" value=\"\" \/>\n<input type=\"hidden\" name=\"_wpcf7_recaptcha_response\" value=\"\" \/>\n<\/div>\n<p><label> Votre Nom<br \/>\n<span class=\"wpcf7-form-control-wrap\" data-name=\"your-name\"><input size=\"40\" class=\"wpcf7-form-control wpcf7-text wpcf7-validates-as-required\" aria-required=\"true\" aria-invalid=\"false\" value=\"\" type=\"text\" name=\"your-name\" \/><\/span> <\/label>\n<\/p>\n<p><label> Votre E-mail<br \/>\n<span class=\"wpcf7-form-control-wrap\" data-name=\"your-email\"><input size=\"40\" class=\"wpcf7-form-control wpcf7-text wpcf7-email wpcf7-validates-as-required wpcf7-validates-as-email\" aria-required=\"true\" aria-invalid=\"false\" value=\"\" type=\"email\" name=\"your-email\" \/><\/span> <\/label>\n<\/p>\n<p><label> Sujet<br \/>\n<span class=\"wpcf7-form-control-wrap\" data-name=\"your-subject\"><input size=\"40\" class=\"wpcf7-form-control wpcf7-text\" aria-invalid=\"false\" value=\"\" type=\"text\" name=\"your-subject\" \/><\/span> <\/label>\n<\/p>\n<p><label> Votre message<br \/>\n<span class=\"wpcf7-form-control-wrap\" data-name=\"your-message\"><textarea cols=\"40\" rows=\"10\" class=\"wpcf7-form-control wpcf7-textarea\" aria-invalid=\"false\" name=\"your-message\"><\/textarea><\/span> <\/label>\n<\/p>\n<p><input class=\"wpcf7-form-control has-spinner wpcf7-submit\" type=\"submit\" value=\"Envoyer\" \/>\n<\/p><p style=\"display: none !important;\" class=\"akismet-fields-container\" data-prefix=\"_wpcf7_ak_\"><label>&#916;<textarea name=\"_wpcf7_ak_hp_textarea\" cols=\"45\" rows=\"8\" maxlength=\"100\"><\/textarea><\/label><input type=\"hidden\" id=\"ak_js_1\" name=\"_wpcf7_ak_js\" value=\"223\"\/><script>document.getElementById( \"ak_js_1\" ).setAttribute( \"value\", ( new Date() ).getTime() );<\/script><\/p><div class=\"wpcf7-response-output\" aria-hidden=\"true\"><\/div>\n<\/form>\n<\/div>\n[\/vc_column][\/vc_row]<\/p>\n","protected":false},"excerpt":{"rendered":"<p>[vc_row bg_image=\u00a0\u00bb10&Prime; bg_color=\u00a0\u00bb#1c1e2d\u00a0\u00bb text_align=\u00a0\u00bbcenter\u00a0\u00bb top_padding=\u00a0\u00bb120&Prime; bottom_padding=\u00a0\u00bb75&Prime;][vc_column column_center=\u00a0\u00bbtrue\u00a0\u00bb width=\u00a0\u00bb1\/1&Prime;][vc_column_text el_class=\u00a0\u00bbcont\u00a0\u00bb][\/vc_column_text][\/vc_column][\/vc_row][vc_row bg_color=\u00a0\u00bb#171628&Prime; top_padding=\u00a0\u00bb40&Prime;][vc_column width=\u00a0\u00bb1\/4&Prime;][vc_column_text]Pour nous contacter n&rsquo;h\u00e9sitez pas \u00e0 nous adresser votre message via le formulaire de contact. Vous pouvez \u00e9galement nous joindre directement par t\u00e9l\u00e9phone au 06 02 66 99 40 N&rsquo;h\u00e9sitez pas \u00e0 nous suivre \u00e9galement sur les r\u00e9seaux : [\/vc_column_text][\/vc_column][vc_column width=\u00a0\u00bb3\/4&Prime;][\/vc_column][\/vc_row]<\/p>\n","protected":false},"author":1,"featured_media":0,"parent":0,"menu_order":0,"comment_status":"closed","ping_status":"closed","template":"","meta":[],"_links":{"self":[{"href":"https:\/\/upperimmo.com\/index.php\/wp-json\/wp\/v2\/pages\/6"}],"collection":[{"href":"https:\/\/upperimmo.com\/index.php\/wp-json\/wp\/v2\/pages"}],"about":[{"href":"https:\/\/upperimmo.com\/index.php\/wp-json\/wp\/v2\/types\/page"}],"author":[{"embeddable":true,"href":"https:\/\/upperimmo.com\/index.php\/wp-json\/wp\/v2\/users\/1"}],"replies":[{"embeddable":true,"href":"https:\/\/upperimmo.com\/index.php\/wp-json\/wp\/v2\/comments?post=6"}],"version-history":[{"count":22,"href":"https:\/\/upperimmo.com\/index.php\/wp-json\/wp\/v2\/pages\/6\/revisions"}],"predecessor-version":[{"id":48,"href":"https:\/\/upperimmo.com\/index.php\/wp-json\/wp\/v2\/pages\/6\/revisions\/48"}],"wp:attachment":[{"href":"https:\/\/upperimmo.com\/index.php\/wp-json\/wp\/v2\/media?parent=6"}],"curies":[{"name":"wp","href":"https:\/\/api.w.org\/{rel}","templated":true}]}}